{"id":61,"date":"2022-12-28T04:22:54","date_gmt":"2022-12-28T04:22:54","guid":{"rendered":"https:\/\/acogra.com\/?post_type=product&#038;p=61"},"modified":"2025-11-08T12:56:47","modified_gmt":"2025-11-08T12:56:47","slug":"power-plant-corazon-hueco","status":"publish","type":"product","link":"https:\/\/acogra.com\/index.php\/product\/power-plant-corazon-hueco\/","title":{"rendered":"POWERPLANT CORAZ\u00d3N HUECO"},"content":{"rendered":"<p><img decoding=\"async\" class=\"alignnone size-full wp-image-764 aligncenter\" src=\"http:\/\/acogra.com\/wp-content\/uploads\/2022\/12\/ppcorazonhueco.png\" alt=\"\" width=\"300\" height=\"82\" \/><\/p>\n<table>\n<tbody>\n<tr>\n<td width=\"248\"><strong>COMPOSICI\u00d3N<\/strong><\/td>\n<td width=\"248\"><strong>P\/P<\/strong><\/td>\n<\/tr>\n<tr>\n<td width=\"248\">Nitr\u00f3geno amoniacal (N)<\/td>\n<td width=\"248\">8,2 %<\/td>\n<\/tr>\n<tr>\n<td width=\"248\">Azufre (SO<sub>4<\/sub>)<\/td>\n<td width=\"248\">25,5 %<\/td>\n<\/tr>\n<tr>\n<td width=\"248\">Borato de amonio (BH<sup>12<\/sup>N<sup>3<\/sup>O<sup>3<\/sup>)<\/td>\n<td width=\"248\">87 g\/l<\/td>\n<\/tr>\n<tr>\n<td width=\"248\">Cobre (Cu)<\/td>\n<td width=\"248\">0,1 g\/l<\/td>\n<\/tr>\n<\/tbody>\n<\/table>\n<p><strong>Grado equivalente: 8,2 \u2013 0 \u2013 0 \u2013 25,5 (SO<sub>4<\/sub>)<\/strong><\/p>\n<p><strong>Ph: 3<\/strong><\/p>\n<p><strong>DENSIDAD: 1,26 g\/ml<\/strong><\/p>\n<table>\n<tbody>\n<tr>\n<td width=\"381\"><strong>POWERPLANT CORAZ\u00d3N HUECO funciones: <\/strong><\/p>\n<ul>\n<li>Fertilizante foliar.<\/li>\n<li>Secuestrante de cationes.<\/li>\n<li>Traslocador de principios activos dentro de los tejidos vegetales.<\/li>\n<li>Estimula el desarrollo foliar.<\/li>\n<li>Aporta micronutrientes esenciales para cubrir carencias.<\/li>\n<li>Aumenta la calidad final de los granos.<\/li>\n<li>Incrementa los rendimientos.<\/li>\n<\/ul>\n<\/td>\n<td width=\"381\">&nbsp;<\/p>\n<p><img decoding=\"async\" class=\"alignnone size-full wp-image-766 aligncenter\" src=\"http:\/\/acogra.com\/wp-content\/uploads\/2022\/12\/manipp.jpg\" alt=\"\" width=\"149\" height=\"186\" \/><\/td>\n<\/tr>\n<\/tbody>\n<\/table>\n<p>POWERPLANT CORAZ\u00d3N HUECO fue desarrollado para ser utilizado como fertilizante foliar multi-acci\u00f3n, para su aplicaci\u00f3n solo o junto con fitosanitarios. En man\u00ed, especialmente para incorporar nutrientes como el nitr\u00f3geno, azufre, boro y cobre de manera balanceada con el objetivo de lograr una nutrici\u00f3n completa.<\/p>\n<h4>Caracter\u00edsticas principales:<\/h4>\n<p>CORAZON HUECO en el cultivo de\u00a0 man\u00ed,\u00a0 estimula\u00a0 el desarrollo de \u00f3rganos\u00a0 vegetativos promoviendo\u00a0 el crecimiento y permitiendo una r\u00e1pida recuperaci\u00f3n de estos cuando las plantas sufren alg\u00fan tipo de stress o da\u00f1o (heladas, granizo, sequia, anegamiento, defoliaci\u00f3n, fitotoxicidad por fitosanitarios, etc.).<\/p>\n<p>Promueve un mejor llenado de granos, aumentando el n\u00famero de granos de mayor calibre y mejorando la calidad de los mismos.<\/p>\n<p>El Boro aplicado en floraci\u00f3n, es esencial en la germinaci\u00f3n del tubo pol\u00ednico para que se pueda llevar a cabo la fecundaci\u00f3n, provocando que mayor cantidad de flores puedan ser fecundadas, con el consecuente aumento potencial en el n\u00famero de granos cosechados. En el cultivo de man\u00ed aplicado en \u201csegunda floraci\u00f3n y clavado\u201d disminuye el porcentaje de clavos abortados, aportando mayor cantidad de granos, aumentando el rendimiento final del cultivo.<\/p>\n<p>El Cobre es un elemento necesario para la formaci\u00f3n de la clorofila (su carencia puede observarse en los \u00e1pices de las hojas j\u00f3venes como una clorosis que desciende hasta la base), vegetales bien provistos de cobre logran obtener niveles \u00f3ptimos de lignina (la carencia de este elemento reduce la lignificaci\u00f3n provocando debilidad de los tejidos).<\/p>\n<p><strong>RECOMENDACIONES DE USO DOSIS DE APLICACI\u00d3N:<\/strong><\/p>\n<p>Aplicaci\u00f3n terrestre: Aplicar diluido en 40 a 100 lts\/ha de agua solo o en mezcla con fitosanitarios.<\/p>\n<p>Aplicaci\u00f3n a\u00e9rea: Aplicar diluido en 20 lts\/ha de agua solo o en mezclas con fitosanitarios.<\/p>\n<p>En todos los casos:<\/p>\n<ol>\n<li>Agregar POWERPLANT CORAZ\u00d3N HUECO junto con el agua, hasta completar el 90% del volumen del tanque de pulverizaci\u00f3n<\/li>\n<li>Recircular durante 10 minutos<\/li>\n<li>Agregar los fitosanitarios y volver a recircular la mezcla<\/li>\n<\/ol>\n<p>APLICACI\u00d3N EN MAN\u00cd:<\/p>\n<table>\n<tbody>\n<tr>\n<td colspan=\"2\" width=\"256\">PRODUCTO<\/td>\n<td width=\"76\">DOSIS<\/td>\n<td width=\"189\">MOMENTO DE APLICACI\u00d3N<\/td>\n<\/tr>\n<tr>\n<td width=\"35\">1\u00b0<\/td>\n<td width=\"222\">POWERPLANT CORAZ\u00d3N HUECO<\/td>\n<td width=\"76\">5 l\/ha<\/td>\n<td width=\"189\">Primera floraci\u00f3n y clavado<\/td>\n<\/tr>\n<tr>\n<td width=\"35\">2\u00b0<\/td>\n<td width=\"222\">POWERPLANT CORAZ\u00d3N HUECO<\/td>\n<td width=\"76\">5 l\/ha<\/td>\n<td width=\"189\">Segunda floraci\u00f3n y clavado<\/td>\n<\/tr>\n<tr>\n<td width=\"35\">3\u00b0<\/td>\n<td width=\"222\">POWERPLANT CALCIO<\/td>\n<td width=\"76\">5 l\/ha<\/td>\n<td width=\"189\">Llenado de granos<\/td>\n<\/tr>\n<\/tbody>\n<\/table>\n<p>Las dosis son orientativas y pueden ser modificadas de acuerdo a las necesidades del cultivo y al consejo del ingeniero agr\u00f3nomo de la zona. Consulte a la empresa por mayor informaci\u00f3n sobre el uso del producto.<\/p>\n","protected":false},"excerpt":{"rendered":"<p><strong>Cultivo:<\/strong> <a href=\"https:\/\/acogra.com\/index.php\/mani-2\/\">Man\u00ed<\/a><\/p>\n<p>POWERPLANT CORAZ\u00d3N HUECO funciones:<\/p>\n<ul>\n<li>Fertilizante foliar<\/li>\n<li>Secuestrante de cationes<\/li>\n<li>Traslocador de principios activos dentro de los tejidos vegetales<\/li>\n<li>Estimula el desarrollo foliar<\/li>\n<li>Aporta micronutrientes esenciales para cubrir carencias<\/li>\n<li>Aumenta la calidad final de los granos<\/li>\n<li>Incrementa los rendimientos<\/li>\n<\/ul>\n<p>POWERPLANT CORAZ\u00d3N HUECO fue desarrollado para ser utilizado como fertilizante foliar multi-acci\u00f3n, para su aplicaci\u00f3n solo o junto con fitosanitarios. En man\u00ed, especialmente para incorporar nutrientes como el nitr\u00f3geno, azufre, boro y cobre de manera balanceada con el objetivo de lograr una nutrici\u00f3n completa.<\/p>\n<p>SENASA N\u00b0 18660<\/p>\n<p><a href=\"http:\/\/acogra.com\/wp-content\/uploads\/2025\/11\/pp-corazon-hueco.pdf\" target=\"_blank\" rel=\"noopener\">Ficha T\u00e9cnica<\/a><\/p>\n<p><a href=\"http:\/\/acogra.com\/wp-content\/uploads\/2025\/11\/FOLLETO-MANI-CORAZON-Y-CALCIO.pdf\">Conoc\u00e9 el retorno de inversi\u00f3n con Powerplant Coraz\u00f3n Hueco<\/a><\/p>\n<p><em><strong>Ensayos:<\/strong><\/em><\/p>\n<ul>\n<li><a href=\"https:\/\/acogra.com\/wp-content\/uploads\/2024\/05\/ENSAYO-MANI-INTA-23-24.pdf\">Ensayo cultivo Mani \/ INTA &#8211; Gral. Cabrera a cargo de Ricardo Pedelini 2023\/2024<\/a><\/li>\n<li><a href=\"http:\/\/acogra.com\/wp-content\/uploads\/2022\/12\/IF-ACOGRA-Mani.pdf\" target=\"_blank\" rel=\"noopener\">Ensayo comparativo de rendimiento l\u00ednea PowerPlant, cultivo de man\u00ed en microparcelas<\/a><\/li>\n<\/ul>\n<p>&nbsp;<\/p>\n","protected":false},"featured_media":1289,"comment_status":"open","ping_status":"closed","template":"","meta":{"site-sidebar-layout":"default","site-content-layout":"default","ast-site-content-layout":"default","site-content-style":"default","site-sidebar-style":"default","ast-global-header-display":"","ast-banner-title-visibility":"","ast-main-header-display":"","ast-hfb-above-header-display":"","ast-hfb-below-header-display":"","ast-hfb-mobile-header-display":"","site-post-title":"","ast-breadcrumbs-content":"","ast-featured-img":"","footer-sml-layout":"","ast-disable-related-posts":"","theme-transparent-header-meta":"default","adv-header-id-meta":"","stick-header-meta":"","header-above-stick-meta":"","header-main-stick-meta":"","header-below-stick-meta":"","astra-migrate-meta-layouts":"set","ast-page-background-enabled":"default","ast-page-background-meta":{"desktop":{"background-color":"var(--ast-global-color-4)","background-image":"","background-repeat":"repeat","background-position":"center center","background-size":"auto","background-attachment":"scroll","background-type":"","background-media":"","overlay-type":"","overlay-color":"","overlay-opacity":"","overlay-gradient":""},"tablet":{"background-color":"","background-image":"","background-repeat":"repeat","background-position":"center center","background-size":"auto","background-attachment":"scroll","background-type":"","background-media":"","overlay-type":"","overlay-color":"","overlay-opacity":"","overlay-gradient":""},"mobile":{"background-color":"","background-image":"","background-repeat":"repeat","background-position":"center center","background-size":"auto","background-attachment":"scroll","background-type":"","background-media":"","overlay-type":"","overlay-color":"","overlay-opacity":"","overlay-gradient":""}},"ast-content-background-meta":{"desktop":{"background-color":"var(--ast-global-color-5)","background-image":"","background-repeat":"repeat","background-position":"center center","background-size":"auto","background-attachment":"scroll","background-type":"","background-media":"","overlay-type":"","overlay-color":"","overlay-opacity":"","overlay-gradient":""},"tablet":{"background-color":"var(--ast-global-color-5)","background-image":"","background-repeat":"repeat","background-position":"center center","background-size":"auto","background-attachment":"scroll","background-type":"","background-media":"","overlay-type":"","overlay-color":"","overlay-opacity":"","overlay-gradient":""},"mobile":{"background-color":"var(--ast-global-color-5)","background-image":"","background-repeat":"repeat","background-position":"center center","background-size":"auto","background-attachment":"scroll","background-type":"","background-media":"","overlay-type":"","overlay-color":"","overlay-opacity":"","overlay-gradient":""}},"_joinchat":[]},"product_brand":[],"product_cat":[19],"product_tag":[],"class_list":{"0":"post-61","1":"product","2":"type-product","3":"status-publish","4":"has-post-thumbnail","6":"product_cat-mani","7":"desktop-align-center","8":"tablet-align-left","9":"mobile-align-left","11":"first","12":"instock","13":"shipping-taxable","14":"product-type-simple"},"_links":{"self":[{"href":"https:\/\/acogra.com\/index.php\/wp-json\/wp\/v2\/product\/61","targetHints":{"allow":["GET"]}}],"collection":[{"href":"https:\/\/acogra.com\/index.php\/wp-json\/wp\/v2\/product"}],"about":[{"href":"https:\/\/acogra.com\/index.php\/wp-json\/wp\/v2\/types\/product"}],"replies":[{"embeddable":true,"href":"https:\/\/acogra.com\/index.php\/wp-json\/wp\/v2\/comments?post=61"}],"wp:featuredmedia":[{"embeddable":true,"href":"https:\/\/acogra.com\/index.php\/wp-json\/wp\/v2\/media\/1289"}],"wp:attachment":[{"href":"https:\/\/acogra.com\/index.php\/wp-json\/wp\/v2\/media?parent=61"}],"wp:term":[{"taxonomy":"product_brand","embeddable":true,"href":"https:\/\/acogra.com\/index.php\/wp-json\/wp\/v2\/product_brand?post=61"},{"taxonomy":"product_cat","embeddable":true,"href":"https:\/\/acogra.com\/index.php\/wp-json\/wp\/v2\/product_cat?post=61"},{"taxonomy":"product_tag","embeddable":true,"href":"https:\/\/acogra.com\/index.php\/wp-json\/wp\/v2\/product_tag?post=61"}],"curies":[{"name":"wp","href":"https:\/\/api.w.org\/{rel}","templated":true}]}}